{"id":23,"date":"2024-07-10T14:00:36","date_gmt":"2024-07-10T12:00:36","guid":{"rendered":"https:\/\/www.onehandshelp.com\/index.php\/contact-us\/"},"modified":"2024-08-14T01:47:15","modified_gmt":"2024-08-13T23:47:15","slug":"contact-us","status":"publish","type":"page","link":"https:\/\/www.onehandshelp.com\/index.php\/contact-us\/","title":{"rendered":"Contact Us"},"content":{"rendered":"\t\t<div data-elementor-type=\"wp-page\" data-elementor-id=\"23\" class=\"elementor elementor-23\">\n\t\t\t\t<div class=\"elementor-element elementor-element-24c16cf6 e-flex e-con-boxed e-con e-parent\" data-id=\"24c16cf6\" data-element_type=\"container\" data-e-type=\"container\">\n\t\t\t\t\t<div class=\"e-con-inner\">\n\t\t<div class=\"elementor-element elementor-element-71f79242 e-con-full e-flex e-con e-child\" data-id=\"71f79242\" data-element_type=\"container\" data-e-type=\"container\">\n\t\t\t\t<div class=\"elementor-element elementor-element-4083a1f8 elementor-invisible elementor-widget elementor-widget-heading\" data-id=\"4083a1f8\" data-element_type=\"widget\" data-e-type=\"widget\" data-settings=\"{&quot;_animation&quot;:&quot;fadeIn&quot;}\" data-widget_type=\"heading.default\">\n\t\t\t\t<div class=\"elementor-widget-container\">\n\t\t\t\t\t<h2 class=\"elementor-heading-title elementor-size-default\">CONTACT<\/h2>\t\t\t\t<\/div>\n\t\t\t\t<\/div>\n\t\t\t\t<div class=\"elementor-element elementor-element-6eec4499 elementor-widget elementor-widget-text-editor\" data-id=\"6eec4499\" data-element_type=\"widget\" data-e-type=\"widget\" data-widget_type=\"text-editor.default\">\n\t\t\t\t<div class=\"elementor-widget-container\">\n\t\t\t\t\t\t\t\t\t<p>Prenez contact avec nous pour discuter de vos besoins et d\u00e9couvrir comment nous pouvons sublimer votre propri\u00e9t\u00e9.<br><\/p>\t\t\t\t\t\t\t\t<\/div>\n\t\t\t\t<\/div>\n\t\t\t\t<\/div>\n\t\t<div class=\"elementor-element elementor-element-68890400 e-con-full e-flex e-con e-child\" data-id=\"68890400\" data-element_type=\"container\" data-e-type=\"container\" data-settings=\"{&quot;background_background&quot;:&quot;classic&quot;}\">\n\t\t\t\t<\/div>\n\t\t\t\t\t<\/div>\n\t\t\t\t<\/div>\n\t\t<div class=\"elementor-element elementor-element-2696f443 e-flex e-con-boxed e-con e-parent\" data-id=\"2696f443\" data-element_type=\"container\" data-e-type=\"container\">\n\t\t\t\t\t<div class=\"e-con-inner\">\n\t\t<div class=\"elementor-element elementor-element-11889d7b e-con-full e-flex e-con e-child\" data-id=\"11889d7b\" data-element_type=\"container\" data-e-type=\"container\" data-settings=\"{&quot;background_background&quot;:&quot;classic&quot;}\">\n\t\t\t\t<div class=\"elementor-element elementor-element-de400a4 elementor-widget elementor-widget-image\" data-id=\"de400a4\" data-element_type=\"widget\" data-e-type=\"widget\" data-widget_type=\"image.default\">\n\t\t\t\t<div class=\"elementor-widget-container\">\n\t\t\t\t\t\t\t\t\t\t\t\t\t\t\t<img fetchpriority=\"high\" decoding=\"async\" width=\"1062\" height=\"576\" src=\"http:\/\/www.onehandshelp.com\/wp-content\/uploads\/2024\/08\/Sans-titre-1.png\" class=\"attachment-full size-full wp-image-230\" alt=\"\" srcset=\"http:\/\/www.onehandshelp.com\/wp-content\/uploads\/2024\/08\/Sans-titre-1.png 1062w, http:\/\/www.onehandshelp.com\/wp-content\/uploads\/2024\/08\/Sans-titre-1-300x163.png 300w, http:\/\/www.onehandshelp.com\/wp-content\/uploads\/2024\/08\/Sans-titre-1-1024x555.png 1024w, http:\/\/www.onehandshelp.com\/wp-content\/uploads\/2024\/08\/Sans-titre-1-768x417.png 768w\" sizes=\"(max-width: 1062px) 100vw, 1062px\" \/>\t\t\t\t\t\t\t\t\t\t\t\t\t\t\t<\/div>\n\t\t\t\t<\/div>\n\t\t\t\t<\/div>\n\t\t<div class=\"elementor-element elementor-element-6d81f5d7 e-con-full e-flex e-con e-child\" data-id=\"6d81f5d7\" data-element_type=\"container\" data-e-type=\"container\">\n\t\t\t\t<div class=\"elementor-element elementor-element-6124a2a4 elementor-icon-list--layout-traditional elementor-list-item-link-full_width elementor-widget elementor-widget-icon-list\" data-id=\"6124a2a4\" data-element_type=\"widget\" data-e-type=\"widget\" data-widget_type=\"icon-list.default\">\n\t\t\t\t<div class=\"elementor-widget-container\">\n\t\t\t\t\t\t\t<ul class=\"elementor-icon-list-items\">\n\t\t\t\t\t\t\t<li class=\"elementor-icon-list-item\">\n\t\t\t\t\t\t\t\t\t\t<span class=\"elementor-icon-list-text\"><b>Interventions sur Toulon et ses alentours, Var, Alpes-Maritimes et Bouches-du-Rh\u00f4ne, PACA<\/b><\/span>\n\t\t\t\t\t\t\t\t\t<\/li>\n\t\t\t\t\t\t\t\t<li class=\"elementor-icon-list-item\">\n\t\t\t\t\t\t\t\t\t\t<span class=\"elementor-icon-list-text\"><b>Heures d'ouverture :<\/b> Lundi-Vendredi 9:30 - 17:30<\/span>\n\t\t\t\t\t\t\t\t\t<\/li>\n\t\t\t\t\t\t\t\t<li class=\"elementor-icon-list-item\">\n\t\t\t\t\t\t\t\t\t\t<span class=\"elementor-icon-list-text\"><b>T\u00e9l\u00e9phone :<\/b> 07. 83. 09. 57. 35<\/span>\n\t\t\t\t\t\t\t\t\t<\/li>\n\t\t\t\t\t\t\t\t<li class=\"elementor-icon-list-item\">\n\t\t\t\t\t\t\t\t\t\t<span class=\"elementor-icon-list-text\"><b>Email :<\/b> contact@onehandhelp.com<\/span>\n\t\t\t\t\t\t\t\t\t<\/li>\n\t\t\t\t\t\t<\/ul>\n\t\t\t\t\t\t<\/div>\n\t\t\t\t<\/div>\n\t\t\t\t<\/div>\n\t\t\t\t\t<\/div>\n\t\t\t\t<\/div>\n\t\t\t\t<\/div>\n\t\t","protected":false},"excerpt":{"rendered":"<p>CONTACT Prenez contact avec nous pour discuter de vos besoins et d\u00e9couvrir comment nous pouvons sublimer votre propri\u00e9t\u00e9. Interventions sur Toulon et ses alentours, Var, Alpes-Maritimes et Bouches-du-Rh\u00f4ne, PACA Heures d&#8217;ouverture : Lundi-Vendredi 9:30 &#8211; 17:30 T\u00e9l\u00e9phone : 07. 83. 09. 57. 35 Email : contact@onehandhelp.com<\/p>\n","protected":false},"author":1,"featured_media":0,"parent":0,"menu_order":0,"comment_status":"closed","ping_status":"closed","template":"elementor_header_footer","meta":{"footnotes":""},"class_list":["post-23","page","type-page","status-publish","hentry"],"yoast_head":"<!-- This site is optimized with the Yoast SEO plugin v23.2 - https:\/\/yoast.com\/wordpress\/plugins\/seo\/ -->\n<title>Contact Us - One Hand Help<\/title>\n<meta name=\"description\" content=\"One Hand Help est une entreprise sp\u00e9cialis\u00e9e dans les services haut de gamme d&#039;entretien de maisons et jardins en r\u00e9gion PACA, offrant une expertise in\u00e9gal\u00e9e pour r\u00e9pondre aux besoins des r\u00e9sidences de luxe. Nous mettons un point d&#039;honneur \u00e0 allier rapidit\u00e9, r\u00e9activit\u00e9 et souci du d\u00e9tail pour chaque intervention, garantissant ainsi des r\u00e9sultats impeccables. Que ce soit pour le nettoyage haute pression des surfaces ext\u00e9rieures, la maintenance et l&#039;entretien de piscines, ou encore la r\u00e9paration et l&#039;entretien de portails, notre \u00e9quipe de professionnels d\u00e9vou\u00e9s se consacre \u00e0 sublimer chaque propri\u00e9t\u00e9. Nous comprenons l&#039;importance de pr\u00e9server la beaut\u00e9 et l&#039;int\u00e9grit\u00e9 de vos espaces int\u00e9rieurs et ext\u00e9rieurs, c&#039;est pourquoi nous proposons des solutions sur mesure, adapt\u00e9es \u00e0 chaque particularit\u00e9 de votre r\u00e9sidence. En choisissant One Hand Help, vous optez pour un service d&#039;excellence qui transforme et maintient l&#039;\u00e9clat de votre propri\u00e9t\u00e9, tout en offrant une tranquillit\u00e9 d&#039;esprit in\u00e9gal\u00e9e. Faites confiance \u00e0 notre expertise pour entretenir vos biens avec passion et professionnalisme. Nous nous engageons \u00e0 fournir un service personnalis\u00e9 qui r\u00e9pond aux standards les plus \u00e9lev\u00e9s, pour que votre r\u00e9sidence demeure un v\u00e9ritable havre de paix et de beaut\u00e9.\" \/>\n<meta name=\"robots\" content=\"index, follow, max-snippet:-1, max-image-preview:large, max-video-preview:-1\" \/>\n<link rel=\"canonical\" href=\"https:\/\/www.onehandshelp.com\/index.php\/contact-us\/\" \/>\n<meta property=\"og:locale\" content=\"en_US\" \/>\n<meta property=\"og:type\" content=\"article\" \/>\n<meta property=\"og:title\" content=\"Contact Us - One Hand Help\" \/>\n<meta property=\"og:description\" content=\"One Hand Help est une entreprise sp\u00e9cialis\u00e9e dans les services haut de gamme d&#039;entretien de maisons et jardins en r\u00e9gion PACA, offrant une expertise in\u00e9gal\u00e9e pour r\u00e9pondre aux besoins des r\u00e9sidences de luxe. Nous mettons un point d&#039;honneur \u00e0 allier rapidit\u00e9, r\u00e9activit\u00e9 et souci du d\u00e9tail pour chaque intervention, garantissant ainsi des r\u00e9sultats impeccables. Que ce soit pour le nettoyage haute pression des surfaces ext\u00e9rieures, la maintenance et l&#039;entretien de piscines, ou encore la r\u00e9paration et l&#039;entretien de portails, notre \u00e9quipe de professionnels d\u00e9vou\u00e9s se consacre \u00e0 sublimer chaque propri\u00e9t\u00e9. Nous comprenons l&#039;importance de pr\u00e9server la beaut\u00e9 et l&#039;int\u00e9grit\u00e9 de vos espaces int\u00e9rieurs et ext\u00e9rieurs, c&#039;est pourquoi nous proposons des solutions sur mesure, adapt\u00e9es \u00e0 chaque particularit\u00e9 de votre r\u00e9sidence. En choisissant One Hand Help, vous optez pour un service d&#039;excellence qui transforme et maintient l&#039;\u00e9clat de votre propri\u00e9t\u00e9, tout en offrant une tranquillit\u00e9 d&#039;esprit in\u00e9gal\u00e9e. Faites confiance \u00e0 notre expertise pour entretenir vos biens avec passion et professionnalisme. Nous nous engageons \u00e0 fournir un service personnalis\u00e9 qui r\u00e9pond aux standards les plus \u00e9lev\u00e9s, pour que votre r\u00e9sidence demeure un v\u00e9ritable havre de paix et de beaut\u00e9.\" \/>\n<meta property=\"og:url\" content=\"https:\/\/www.onehandshelp.com\/index.php\/contact-us\/\" \/>\n<meta property=\"og:site_name\" content=\"One Hand Help\" \/>\n<meta property=\"article:modified_time\" content=\"2024-08-13T23:47:15+00:00\" \/>\n<meta property=\"og:image\" content=\"http:\/\/www.onehandshelp.com\/wp-content\/uploads\/2024\/08\/Sans-titre-1.png\" \/>\n<meta name=\"twitter:card\" content=\"summary_large_image\" \/>\n<script type=\"application\/ld+json\" class=\"yoast-schema-graph\">{\"@context\":\"https:\/\/schema.org\",\"@graph\":[{\"@type\":\"WebPage\",\"@id\":\"https:\/\/www.onehandshelp.com\/index.php\/contact-us\/\",\"url\":\"https:\/\/www.onehandshelp.com\/index.php\/contact-us\/\",\"name\":\"Contact Us - One Hand Help\",\"isPartOf\":{\"@id\":\"https:\/\/www.onehandshelp.com\/#website\"},\"primaryImageOfPage\":{\"@id\":\"https:\/\/www.onehandshelp.com\/index.php\/contact-us\/#primaryimage\"},\"image\":{\"@id\":\"https:\/\/www.onehandshelp.com\/index.php\/contact-us\/#primaryimage\"},\"thumbnailUrl\":\"http:\/\/www.onehandshelp.com\/wp-content\/uploads\/2024\/08\/Sans-titre-1.png\",\"datePublished\":\"2024-07-10T12:00:36+00:00\",\"dateModified\":\"2024-08-13T23:47:15+00:00\",\"description\":\"One Hand Help est une entreprise sp\u00e9cialis\u00e9e dans les services haut de gamme d'entretien de maisons et jardins en r\u00e9gion PACA, offrant une expertise in\u00e9gal\u00e9e pour r\u00e9pondre aux besoins des r\u00e9sidences de luxe. Nous mettons un point d'honneur \u00e0 allier rapidit\u00e9, r\u00e9activit\u00e9 et souci du d\u00e9tail pour chaque intervention, garantissant ainsi des r\u00e9sultats impeccables. Que ce soit pour le nettoyage haute pression des surfaces ext\u00e9rieures, la maintenance et l'entretien de piscines, ou encore la r\u00e9paration et l'entretien de portails, notre \u00e9quipe de professionnels d\u00e9vou\u00e9s se consacre \u00e0 sublimer chaque propri\u00e9t\u00e9. Nous comprenons l'importance de pr\u00e9server la beaut\u00e9 et l'int\u00e9grit\u00e9 de vos espaces int\u00e9rieurs et ext\u00e9rieurs, c'est pourquoi nous proposons des solutions sur mesure, adapt\u00e9es \u00e0 chaque particularit\u00e9 de votre r\u00e9sidence. En choisissant One Hand Help, vous optez pour un service d'excellence qui transforme et maintient l'\u00e9clat de votre propri\u00e9t\u00e9, tout en offrant une tranquillit\u00e9 d'esprit in\u00e9gal\u00e9e. Faites confiance \u00e0 notre expertise pour entretenir vos biens avec passion et professionnalisme. Nous nous engageons \u00e0 fournir un service personnalis\u00e9 qui r\u00e9pond aux standards les plus \u00e9lev\u00e9s, pour que votre r\u00e9sidence demeure un v\u00e9ritable havre de paix et de beaut\u00e9.\",\"breadcrumb\":{\"@id\":\"https:\/\/www.onehandshelp.com\/index.php\/contact-us\/#breadcrumb\"},\"inLanguage\":\"en-US\",\"potentialAction\":[{\"@type\":\"ReadAction\",\"target\":[\"https:\/\/www.onehandshelp.com\/index.php\/contact-us\/\"]}]},{\"@type\":\"ImageObject\",\"inLanguage\":\"en-US\",\"@id\":\"https:\/\/www.onehandshelp.com\/index.php\/contact-us\/#primaryimage\",\"url\":\"https:\/\/www.onehandshelp.com\/wp-content\/uploads\/2024\/08\/Sans-titre-1.png\",\"contentUrl\":\"https:\/\/www.onehandshelp.com\/wp-content\/uploads\/2024\/08\/Sans-titre-1.png\",\"width\":1062,\"height\":576},{\"@type\":\"BreadcrumbList\",\"@id\":\"https:\/\/www.onehandshelp.com\/index.php\/contact-us\/#breadcrumb\",\"itemListElement\":[{\"@type\":\"ListItem\",\"position\":1,\"name\":\"Accueil\",\"item\":\"https:\/\/www.onehandshelp.com\/\"},{\"@type\":\"ListItem\",\"position\":2,\"name\":\"Contact Us\"}]},{\"@type\":\"WebSite\",\"@id\":\"https:\/\/www.onehandshelp.com\/#website\",\"url\":\"https:\/\/www.onehandshelp.com\/\",\"name\":\"One Hand Help\",\"description\":\"Services de cr\u00e9ation et d&#039;entretien maisons et jardin\",\"publisher\":{\"@id\":\"https:\/\/www.onehandshelp.com\/#organization\"},\"alternateName\":\"Ohh\",\"potentialAction\":[{\"@type\":\"SearchAction\",\"target\":{\"@type\":\"EntryPoint\",\"urlTemplate\":\"https:\/\/www.onehandshelp.com\/?s={search_term_string}\"},\"query-input\":\"required name=search_term_string\"}],\"inLanguage\":\"en-US\"},{\"@type\":\"Organization\",\"@id\":\"https:\/\/www.onehandshelp.com\/#organization\",\"name\":\"One Hand Help\",\"alternateName\":\"Ohh\",\"url\":\"https:\/\/www.onehandshelp.com\/\",\"logo\":{\"@type\":\"ImageObject\",\"inLanguage\":\"en-US\",\"@id\":\"https:\/\/www.onehandshelp.com\/#\/schema\/logo\/image\/\",\"url\":\"https:\/\/www.onehandshelp.com\/wp-content\/uploads\/2024\/07\/2Fichier-30.png\",\"contentUrl\":\"https:\/\/www.onehandshelp.com\/wp-content\/uploads\/2024\/07\/2Fichier-30.png\",\"width\":838,\"height\":324,\"caption\":\"One Hand Help\"},\"image\":{\"@id\":\"https:\/\/www.onehandshelp.com\/#\/schema\/logo\/image\/\"}}]}<\/script>\n<!-- \/ Yoast SEO plugin. -->","yoast_head_json":{"title":"Contact Us - One Hand Help","description":"One Hand Help est une entreprise sp\u00e9cialis\u00e9e dans les services haut de gamme d'entretien de maisons et jardins en r\u00e9gion PACA, offrant une expertise in\u00e9gal\u00e9e pour r\u00e9pondre aux besoins des r\u00e9sidences de luxe. Nous mettons un point d'honneur \u00e0 allier rapidit\u00e9, r\u00e9activit\u00e9 et souci du d\u00e9tail pour chaque intervention, garantissant ainsi des r\u00e9sultats impeccables. Que ce soit pour le nettoyage haute pression des surfaces ext\u00e9rieures, la maintenance et l'entretien de piscines, ou encore la r\u00e9paration et l'entretien de portails, notre \u00e9quipe de professionnels d\u00e9vou\u00e9s se consacre \u00e0 sublimer chaque propri\u00e9t\u00e9. Nous comprenons l'importance de pr\u00e9server la beaut\u00e9 et l'int\u00e9grit\u00e9 de vos espaces int\u00e9rieurs et ext\u00e9rieurs, c'est pourquoi nous proposons des solutions sur mesure, adapt\u00e9es \u00e0 chaque particularit\u00e9 de votre r\u00e9sidence. En choisissant One Hand Help, vous optez pour un service d'excellence qui transforme et maintient l'\u00e9clat de votre propri\u00e9t\u00e9, tout en offrant une tranquillit\u00e9 d'esprit in\u00e9gal\u00e9e. Faites confiance \u00e0 notre expertise pour entretenir vos biens avec passion et professionnalisme. Nous nous engageons \u00e0 fournir un service personnalis\u00e9 qui r\u00e9pond aux standards les plus \u00e9lev\u00e9s, pour que votre r\u00e9sidence demeure un v\u00e9ritable havre de paix et de beaut\u00e9.","robots":{"index":"index","follow":"follow","max-snippet":"max-snippet:-1","max-image-preview":"max-image-preview:large","max-video-preview":"max-video-preview:-1"},"canonical":"https:\/\/www.onehandshelp.com\/index.php\/contact-us\/","og_locale":"en_US","og_type":"article","og_title":"Contact Us - One Hand Help","og_description":"One Hand Help est une entreprise sp\u00e9cialis\u00e9e dans les services haut de gamme d'entretien de maisons et jardins en r\u00e9gion PACA, offrant une expertise in\u00e9gal\u00e9e pour r\u00e9pondre aux besoins des r\u00e9sidences de luxe. Nous mettons un point d'honneur \u00e0 allier rapidit\u00e9, r\u00e9activit\u00e9 et souci du d\u00e9tail pour chaque intervention, garantissant ainsi des r\u00e9sultats impeccables. Que ce soit pour le nettoyage haute pression des surfaces ext\u00e9rieures, la maintenance et l'entretien de piscines, ou encore la r\u00e9paration et l'entretien de portails, notre \u00e9quipe de professionnels d\u00e9vou\u00e9s se consacre \u00e0 sublimer chaque propri\u00e9t\u00e9. Nous comprenons l'importance de pr\u00e9server la beaut\u00e9 et l'int\u00e9grit\u00e9 de vos espaces int\u00e9rieurs et ext\u00e9rieurs, c'est pourquoi nous proposons des solutions sur mesure, adapt\u00e9es \u00e0 chaque particularit\u00e9 de votre r\u00e9sidence. En choisissant One Hand Help, vous optez pour un service d'excellence qui transforme et maintient l'\u00e9clat de votre propri\u00e9t\u00e9, tout en offrant une tranquillit\u00e9 d'esprit in\u00e9gal\u00e9e. Faites confiance \u00e0 notre expertise pour entretenir vos biens avec passion et professionnalisme. Nous nous engageons \u00e0 fournir un service personnalis\u00e9 qui r\u00e9pond aux standards les plus \u00e9lev\u00e9s, pour que votre r\u00e9sidence demeure un v\u00e9ritable havre de paix et de beaut\u00e9.","og_url":"https:\/\/www.onehandshelp.com\/index.php\/contact-us\/","og_site_name":"One Hand Help","article_modified_time":"2024-08-13T23:47:15+00:00","og_image":[{"url":"http:\/\/www.onehandshelp.com\/wp-content\/uploads\/2024\/08\/Sans-titre-1.png"}],"twitter_card":"summary_large_image","schema":{"@context":"https:\/\/schema.org","@graph":[{"@type":"WebPage","@id":"https:\/\/www.onehandshelp.com\/index.php\/contact-us\/","url":"https:\/\/www.onehandshelp.com\/index.php\/contact-us\/","name":"Contact Us - One Hand Help","isPartOf":{"@id":"https:\/\/www.onehandshelp.com\/#website"},"primaryImageOfPage":{"@id":"https:\/\/www.onehandshelp.com\/index.php\/contact-us\/#primaryimage"},"image":{"@id":"https:\/\/www.onehandshelp.com\/index.php\/contact-us\/#primaryimage"},"thumbnailUrl":"http:\/\/www.onehandshelp.com\/wp-content\/uploads\/2024\/08\/Sans-titre-1.png","datePublished":"2024-07-10T12:00:36+00:00","dateModified":"2024-08-13T23:47:15+00:00","description":"One Hand Help est une entreprise sp\u00e9cialis\u00e9e dans les services haut de gamme d'entretien de maisons et jardins en r\u00e9gion PACA, offrant une expertise in\u00e9gal\u00e9e pour r\u00e9pondre aux besoins des r\u00e9sidences de luxe. Nous mettons un point d'honneur \u00e0 allier rapidit\u00e9, r\u00e9activit\u00e9 et souci du d\u00e9tail pour chaque intervention, garantissant ainsi des r\u00e9sultats impeccables. Que ce soit pour le nettoyage haute pression des surfaces ext\u00e9rieures, la maintenance et l'entretien de piscines, ou encore la r\u00e9paration et l'entretien de portails, notre \u00e9quipe de professionnels d\u00e9vou\u00e9s se consacre \u00e0 sublimer chaque propri\u00e9t\u00e9. Nous comprenons l'importance de pr\u00e9server la beaut\u00e9 et l'int\u00e9grit\u00e9 de vos espaces int\u00e9rieurs et ext\u00e9rieurs, c'est pourquoi nous proposons des solutions sur mesure, adapt\u00e9es \u00e0 chaque particularit\u00e9 de votre r\u00e9sidence. En choisissant One Hand Help, vous optez pour un service d'excellence qui transforme et maintient l'\u00e9clat de votre propri\u00e9t\u00e9, tout en offrant une tranquillit\u00e9 d'esprit in\u00e9gal\u00e9e. Faites confiance \u00e0 notre expertise pour entretenir vos biens avec passion et professionnalisme. Nous nous engageons \u00e0 fournir un service personnalis\u00e9 qui r\u00e9pond aux standards les plus \u00e9lev\u00e9s, pour que votre r\u00e9sidence demeure un v\u00e9ritable havre de paix et de beaut\u00e9.","breadcrumb":{"@id":"https:\/\/www.onehandshelp.com\/index.php\/contact-us\/#breadcrumb"},"inLanguage":"en-US","potentialAction":[{"@type":"ReadAction","target":["https:\/\/www.onehandshelp.com\/index.php\/contact-us\/"]}]},{"@type":"ImageObject","inLanguage":"en-US","@id":"https:\/\/www.onehandshelp.com\/index.php\/contact-us\/#primaryimage","url":"https:\/\/www.onehandshelp.com\/wp-content\/uploads\/2024\/08\/Sans-titre-1.png","contentUrl":"https:\/\/www.onehandshelp.com\/wp-content\/uploads\/2024\/08\/Sans-titre-1.png","width":1062,"height":576},{"@type":"BreadcrumbList","@id":"https:\/\/www.onehandshelp.com\/index.php\/contact-us\/#breadcrumb","itemListElement":[{"@type":"ListItem","position":1,"name":"Accueil","item":"https:\/\/www.onehandshelp.com\/"},{"@type":"ListItem","position":2,"name":"Contact Us"}]},{"@type":"WebSite","@id":"https:\/\/www.onehandshelp.com\/#website","url":"https:\/\/www.onehandshelp.com\/","name":"One Hand Help","description":"Services de cr\u00e9ation et d&#039;entretien maisons et jardin","publisher":{"@id":"https:\/\/www.onehandshelp.com\/#organization"},"alternateName":"Ohh","potentialAction":[{"@type":"SearchAction","target":{"@type":"EntryPoint","urlTemplate":"https:\/\/www.onehandshelp.com\/?s={search_term_string}"},"query-input":"required name=search_term_string"}],"inLanguage":"en-US"},{"@type":"Organization","@id":"https:\/\/www.onehandshelp.com\/#organization","name":"One Hand Help","alternateName":"Ohh","url":"https:\/\/www.onehandshelp.com\/","logo":{"@type":"ImageObject","inLanguage":"en-US","@id":"https:\/\/www.onehandshelp.com\/#\/schema\/logo\/image\/","url":"https:\/\/www.onehandshelp.com\/wp-content\/uploads\/2024\/07\/2Fichier-30.png","contentUrl":"https:\/\/www.onehandshelp.com\/wp-content\/uploads\/2024\/07\/2Fichier-30.png","width":838,"height":324,"caption":"One Hand Help"},"image":{"@id":"https:\/\/www.onehandshelp.com\/#\/schema\/logo\/image\/"}}]}},"_links":{"self":[{"href":"https:\/\/www.onehandshelp.com\/index.php\/wp-json\/wp\/v2\/pages\/23","targetHints":{"allow":["GET"]}}],"collection":[{"href":"https:\/\/www.onehandshelp.com\/index.php\/wp-json\/wp\/v2\/pages"}],"about":[{"href":"https:\/\/www.onehandshelp.com\/index.php\/wp-json\/wp\/v2\/types\/page"}],"author":[{"embeddable":true,"href":"https:\/\/www.onehandshelp.com\/index.php\/wp-json\/wp\/v2\/users\/1"}],"replies":[{"embeddable":true,"href":"https:\/\/www.onehandshelp.com\/index.php\/wp-json\/wp\/v2\/comments?post=23"}],"version-history":[{"count":13,"href":"https:\/\/www.onehandshelp.com\/index.php\/wp-json\/wp\/v2\/pages\/23\/revisions"}],"predecessor-version":[{"id":233,"href":"https:\/\/www.onehandshelp.com\/index.php\/wp-json\/wp\/v2\/pages\/23\/revisions\/233"}],"wp:attachment":[{"href":"https:\/\/www.onehandshelp.com\/index.php\/wp-json\/wp\/v2\/media?parent=23"}],"curies":[{"name":"wp","href":"https:\/\/api.w.org\/{rel}","templated":true}]}}